{"id":230,"date":"2020-08-04T10:43:03","date_gmt":"2020-08-04T08:43:03","guid":{"rendered":"https:\/\/bled.escape-room.si\/?page_id=230"},"modified":"2020-08-04T10:43:03","modified_gmt":"2020-08-04T08:43:03","slug":"splosni-pogoji","status":"publish","type":"page","link":"https:\/\/bled.escape-room.si\/en\/splosni-pogoji\/","title":{"rendered":"Splo\u0161ni pogoji"},"content":{"rendered":"<div class=\"fusion-fullwidth fullwidth-box fusion-builder-row-1 nonhundred-percent-fullwidth non-hundred-percent-height-scrolling\" style=\"--awb-border-radius-top-left:0px;--awb-border-radius-top-right:0px;--awb-border-radius-bottom-right:0px;--awb-border-radius-bottom-left:0px;--awb-flex-wrap:wrap;\" ><div class=\"fusion-builder-row fusion-row\"><div class=\"fusion-layout-column fusion_builder_column fusion-builder-column-0 fusion_builder_column_1_1 1_1 fusion-one-full fusion-column-first fusion-column-last\" style=\"--awb-bg-size:cover;\"><div class=\"fusion-column-wrapper fusion-column-has-shadow fusion-flex-column-wrapper-legacy\"><div class=\"fusion-text fusion-text-1\"><h1 class=\"fusion-responsive-typography-calculated\" data-fontsize=\"32\" data-lineheight=\"48px\">SPLO\u0160NI POGOJI ZA NAKUP BLAGA ALI STORITEV UNLOCK<sup>\u00ae<\/sup> Bled<\/h1>\n<p>Splo\u0161ni pogoji poslovanja (SPP) so javno objavljeni na spletni strani https:\/\/bled.escape-room.si\/. SPP veljajo do preklica. Preklic SPP se opravi z navedbo \u00bbOd dne XX naprej veljajo novi spremenjeni SPP\u00ab. S preklicem se stari SPP umaknejo.<\/p>\n<p>Za potrebe teh SPP je kupec fizi\u010dna ali pravna oseba, ki zakupi oz. kupi blago ali storitve pravne osebe;<\/p>\n<p><strong>ENIGMARIUM, zabavi\u0161\u010dni park, d.o.o.<br \/>\nParmova ulica 51<br \/>\n1000 Ljubljana<br \/>\nmati\u010dna \u0161tevilka: 6767702000<br \/>\ndav\u010dna \u0161tevilka: SI72449411<\/strong><\/p>\n<p>Blago in storitve se ponujajo na spletni strani https:\/\/bled.escape-room.si\/ oziroma v sklopu dejavnosti pod blagovno znamko UNLOCK<sup>\u00ae<\/sup> BLED. Ob zakupu (storitve ali nakupu blaga, v nadaljevanju; zakup) se naro\u010dnik smatra za obve\u0161\u010denega s SPP, zakup pa se obravnava kot strinjanje s SPP. Sklepanje poslov se izvaja na sede\u017eu izvajalca storitev, prek spleta ter izven poslovnih prostorov ob predhodnem dogovoru in ob pojasnilu izvajalca. Za potrebe teh SPP se kot pisna \u0161teje tudi s komunikacijskimi sredstvi (e-po\u0161ta, fax, sms sporo\u010dila) podprta korespondenca med strankama.<\/p>\n<h3 class=\"fusion-responsive-typography-calculated\" data-fontsize=\"18\" data-lineheight=\"23.94px\">AVTORSKE PRAVICE<\/h3>\n<h4 class=\"fusion-responsive-typography-calculated\" data-fontsize=\"13\" data-lineheight=\"20.02px\"><strong>Blagovna znamka UNLOCK<sup>\u00ae<\/sup> BLED je\u00a0 avtorsko delo, vsako kopiranje in uporaba sta najstro\u017eje prepovedana!<\/strong><\/h4>\n<h4 class=\"fusion-responsive-typography-calculated\" data-fontsize=\"13\" data-lineheight=\"20.02px\"><strong>Prepovedano je vsakr\u0161no kopiranje vsebin na spletni strani, prepovedano je prepisovanje, spreminjanje, ponovno objavljanje\u00a0<\/strong>niti v komercialne niti v nekomercialne namene brez izrecnega predhodnega pisnega dovoljenja lastnikov spletne strani https:\/\/bled.escape-room.si\/ \u2013 \u00a0Enigmarium d.o.o. \u00a0V primeru pisno dovoljene uporabe vsebine te spletne strani je nujno ohraniti ozna\u010dbe avtorskih pravic \u2013 jasno mora biti razvidno, da je vir spletna stran https:\/\/bled.escape-room.si\/ z navedbo URL-ja portala (https:\/\/bled.escape-room.si\/) ter datumom. (Zakon o avtorskih in sorodnih pravicah Republike Slovenije (ZAPS, UL \u0161t. 120-01\/94-1\/3)).<\/h4>\n<h4 class=\"fusion-responsive-typography-calculated\" data-fontsize=\"13\" data-lineheight=\"20.02px\"><strong>Tako kot je najstro\u017eje prepovedano povzemanje, kopiranje in spreminjanje besedil, delov besedila, fotografij, logotipov, oziroma drugih elementov vsebine te spletne strani, je strogo prepovedano tudi kopiranje elementov same sobe, \u00a0scenarija igre ter elementov igre. Scenariji in potek igre, ter vsi tehni\u010dni elementi predstavljajo celovito avtorsko delo in za\u0161\u010diteni. \u00a0 \u00a0\u00a0<\/strong><\/h4>\n<h3 class=\"fusion-responsive-typography-calculated\" data-fontsize=\"18\" data-lineheight=\"23.94px\">STORITEV<\/h3>\n<p>Ti splo\u0161ni pogoji se nana\u0161ajo na uporabo storitve ESCAPE ROOM ENIGMARIUM\u00ae \u2013 urbano igro\u00a0<strong>na prostem \u2013 UNLOCK<sup>\u00ae<\/sup> BLED<\/strong>.<\/p>\n<p>Namen uporabnikov je skozi igro preizkusiti svoje umske in psiho-fizi\u010dne sposobnosti terre\u0161iti izzive v eni uri.<\/p>\n<p>Enigmarium d.o.o., uporabnikom ponuja v zakup igro (igralni na\u010drt, pripomo\u010dki), uporabniki se zave\u017eejo pla\u010dati dogovorjeno vsoto denarja kot pla\u010dilo za storitve.<\/p>\n<h3 class=\"fusion-responsive-typography-calculated\" data-fontsize=\"18\" data-lineheight=\"23.94px\">PRAVNI POSEL IN STRANKE PRAVNEGA POSLA<\/h3>\n<p>Za pravni posel se smiselno uporabljajo dolo\u010dila Obligacijskega zakonika, ki urejajo zakup. Izklju\u010dene so dolo\u010dbe, ki urejajo dolgotrajen zakup.<\/p>\n<p>Za zakupnine, ki so pla\u010dane s pomo\u010djo uporabe svetovnega spleta ali druge oblike prodaje na daljavo, se poleg na\u0161tetih dolo\u010db uporabljajo tudi dolo\u010dila Zakona o varstvu potro\u0161nikov (ZVpot), ki urejajo prodajo na daljavo.<\/p>\n<p>Za ZAKUPNIKA se smatra vsak igralec\/stranka (pravna ali fizi\u010dna oseba), ki preko spletne strani, v prostorih ponudnika ali izven poslovnih prostorov ponudnika sklene pravni posel v obliki nakupa blaga ali zakupa storitev, ki so predmet redne ali posebne ponudbe ponudnika.<\/p>\n<p>Za PONUDNIKA blaga ali storitev se smatra Enigmarium d.o.o., ki ponuja oziroma tr\u017ei blago ali storitve, ki so del redne ali posebne ponudbe.<\/p>\n<p>POGODBENI IZVAJALCI postanejo stranka v pravnem poslu, ko naro\u010dnik neposredno z izvajalcem sklene obligacijsko razmerje.<\/p>\n<h3 class=\"fusion-responsive-typography-calculated\" data-fontsize=\"18\" data-lineheight=\"23.94px\">STANDARD STORITEV<\/h3>\n<p>Ponudnik in pogodbeni izvajalci so dol\u017eni spo\u0161tovati osebnost in varovati zasebnost zakupnika. Za razkritje osebnih ali drugih ob\u010dutljivih podatkov se zavezujejo pridobiti soglasje tistega, ki ga podatki zadevajo. Omenjena dolo\u010dba ne velja v primeru, da podatke zahteva pristojen organ zaradi izvr\u0161evanja svojih pristojnosti.<\/p>\n<p>Ponudnik in pogodbeni izvajalci so dol\u017eni opraviti storitve v obsegu in na na\u010din kot je bilo naro\u010dniku (stranki) obljubljeno, ponujeno oziroma dogovorjeno. Izjema od tega je zgolj vi\u0161ja sila ali nezmo\u017enost izpolnitve zaradi odvisnosti od tretjega.<\/p>\n<p>Ponudnik in pogodbeni izvajalci so pri izvajanju naro\u010dila zavezana ravnati najmanj s skrbnostjo dobrega gospodarja, zavarovati interese naro\u010dnika in ponudnika ter si prizadevati prepre\u010devati vsakr\u0161ne zlorabe, v katerikoli obliki.<\/p>\n<h3 class=\"fusion-responsive-typography-calculated\" data-fontsize=\"18\" data-lineheight=\"23.94px\">PRAVILA IGRE<\/h3>\n<p>Zakupniki so pred pri\u010detkom igre dol\u017eni potrditi, da ne bodo kr\u0161ili prepovedi razkritja skrivnosti igre (ugank in kod).<\/p>\n<p>Zakupniki so dol\u017eni skrbno varovati opremo, ki jo prejmejo na pri\u010detku igre.<\/p>\n<p>Posebej ozna\u010dena mesta niso del igre. Zakupniki odgovarjajo za \u0161kodo na posebej ozna\u010deni oprema ali delih stavbe.<\/p>\n<p>Zakupniki so se dol\u017eni ravnati po navodilih, ki jih posreduje ponudnik pred, med ali po zaklju\u010deni igri.<\/p>\n<p>\u010ce med igro tretja oseba ali vi\u0161ja sila prepre\u010di nadaljevanje igre, se \u010das ustavi. Igra se na \u017eeljo zakupnika nadaljuje takoj, ko mine vzrok za prekinitev. V nasprotnem se zakupniku vrne pla\u010dilo za storitev (zakupnina).<\/p>\n<p>V primeru izredno slabega vremena si ponudnik pridr\u017euje pravico do prestavitve termina (po dogovoru z zakupnikom)<\/p>\n<p>Zakupnik lahko kadarkoli pred\u010dasno zaklju\u010di ali zapusti igro. V tem primeru se zakupnina ne vrne.<\/p>\n<p>Zakupnik je dol\u017ean sam dosledno varovati svojo lastnino in zdravje ter se izogibati virov ogro\u017eanja, opustiti ali se vzdr\u017eati ravnanj, ki lahko ogro\u017eajo varnost, zdravje ter lastnino naro\u010dnika ali drugih vpletenih ter spo\u0161tovati veljavno zakonodajo in predpise.<\/p>\n<h3 class=\"fusion-responsive-typography-calculated\" data-fontsize=\"18\" data-lineheight=\"23.94px\">POGODBENI IZVAJALCI<\/h3>\n<p>Pogodbeni izvajalec storitev je fizi\u010dna ali pravna oseba, ki ni zaposlena pri ponudniku, vendar za ponudnika opravlja dolo\u010deno delo kot pogodbeni partner.\u00a0S ponudnikom ima sklenjeno pogodbo in zato lahko pod krovno znamko Enigmarium\u00ae opravlja storitve in v svojem imenu izdaja ra\u010dune.<\/p>\n<p>Pogodbeni izvajalci so dol\u017eni spo\u0161tovati vsa pogodbena dolo\u010dila ter vse poslovne, eti\u010dne in poklicne standarde na podro\u010dju dela.<\/p>\n<p>Pogodbeni izvajalci so dol\u017eni spo\u0161tovati zakonodajo, ki jih ve\u017ee na njihovem podro\u010dju dela in se vzdr\u017eati vseh ravnanj, ki lahko povzro\u010dajo kakr\u0161nokoli \u0161kodo strankam (naro\u010dnikom) ali ponudniku.<\/p>\n<p>Za \u0161kodo se \u0161teje tudi malomarno opravljanje storitev, samovolja pri izvajanju pogodbenih obveznosti in poseg v pravice naro\u010dnika, oziroma vsako ravnanje, ki ima lahko za posledico okrnitev ugleda ponudnika ali naro\u010dnika.<\/p>\n<p>Kr\u0161itev standardov storitev je lahko podlaga za odpoved pogodbe in pogodbeno kazen izvajalcu storitev.<\/p>\n<p>V primeru terjatev zaradi kr\u0161itev pogodbenega izvajalca si ponudnik pridr\u017euje pravico do regresnega zahtevka poleg pogodbene kazni.<\/p>\n<h3 class=\"fusion-responsive-typography-calculated\" data-fontsize=\"18\" data-lineheight=\"23.94px\">POSEBNI DOGOVORI IN OBVEZNOST SEZNANITVE<\/h3>\n<p>V kolikor se zakupnik in ponudnik dogovorita glede posebnih dogovorov, to uredita s pisnim pravnim aktom. \u010ce posebni dogovori ne urejajo vpra\u0161anj druga\u010de, veljajo posebni dogovori poleg SPP ter smiselno dopolnjujejo te SPP.<\/p>\n<p>Zakupnik je vselej dol\u017ean ponudniku sporo\u010diti oziroma ga seznaniti s posebnostmi, ki lahko vplivajo na izvedbo, tveganja ali uspeh storitve:<\/p>\n<ol>\n<li>pred sklenitvijo pravnega posla,<\/li>\n<\/ol>\n<p>\u010de nastanejo posebnosti po sklenitvi pravnega posla,<\/p>\n<ol>\n<li>takoj ko je mogo\u010de sporo\u010diti.<\/li>\n<\/ol>\n<p>Ponudnik se zave\u017ee sporo\u010dene podatke preu\u010diti ter oceniti tveganja.<\/p>\n<p>\u010ce ponudnik oceni, da je tveganje za zakupnika ve\u010dje kot korist, ki bi jo lahko zakupnik pridobil ima ponudnik pravico zavrniti sklenitev pravnega posla ali skleniti drug posel pod posebnimi pogoji.<\/p>\n<p>Opustitev obve\u0161\u010danja s strani naro\u010dnika ali ponudnika se v skladu z obligacijskim pravom \u0161teje za neizpolnjevanje bistvenih sestavin pravnega posla, kar ima lahko za posledico odstop od pravnega posla.<\/p>\n<p>Zakupnik s sklenitvijo pravnega posla prevzema odgovornost za neizpolnjevanje obveznosti do sporo\u010danja, pri \u010demer za povzro\u010deno \u0161kodo odgovarja civilno in kazensko v skladu z veljavno zakonodajo.<\/p>\n<p>Zakupnik se strinja, da sam trpi posledice \u0161kode, ki mu nastane pod pogojem, da je \u0161koda nastala na podlagi, ta izvira ali je pogojena s posebnostjo, ki ponudniku ni bila vredu sporo\u010dena.<\/p>\n<p>\u0160teje se, da je sporo\u010dilo vredu, \u010de je podano pisno bodisi kot sestavni del pravnega akta bodisi kot pisno sporo\u010dilo, pri \u010demer se smatra kot pisno sporo\u010dilo tudi elektronska po\u0161ta, ki vsebuje dovolj osebnih razlo\u010devalnih znakov, da je mogo\u010de dolo\u010dno ugotoviti avtorja.<\/p>\n<p>Posebnosti je pred zakupom mogo\u010de podati tudi ustno.<\/p>\n<h3 class=\"fusion-responsive-typography-calculated\" data-fontsize=\"18\" data-lineheight=\"23.94px\">DOLO\u010cILA O POSLOVNI SKRIVNOSTI<\/h3>\n<p>Zakupniki brez pisnega soglasja ponudnika ne smejo izdajati skrivnosti sobe za pobeg. Zakupniki se z zakupom in pla\u010dilom storitev UNLOCK<sup>\u00ae<\/sup> BLED obve\u017eejo, da skrivnosti ne bodo objavili ali kakorkoli druga\u010de izdali javnosti.<\/p>\n<p>Vsakokratni zakupnik se strinja s pogoji iz prej\u0161njega odstavka ter civilno odgovornostjo za poslovno \u0161kodo, ki jo nosi, \u010de prekr\u0161i dogovor iz prej\u0161njega odstavka.<\/p>\n<p>Pogodba in drugi pravni akti, ki individualno definirajo medsebojna razmerja nosijo stopnjo poslovne skrivnosti.<\/p>\n<p>Komunikacija ter informacije, ki se posredujejo med ponudnikom in zakupnikom so poslovna skrivnost. Za razkritje podatkov se ponudnik zave\u017ee pridobiti soglasje zakupnika, pri \u010demer to dolo\u010dilo ne nasprotuje ureditvi veljavne podro\u010dne zakonodaje, ki zahteva razkritje podatkov za potrebe izvajanje oblasti v Republiki Sloveniji.<\/p>\n<p>Dolo\u010dbe o poslovni skrivnosti ne nasprotujejo dolo\u010dilom Zakona o varstvu potro\u0161nikov (ZVpot). Stranka prosto razpolaga s svojimi osebnimi podatki.<\/p>\n<h3 class=\"fusion-responsive-typography-calculated\" data-fontsize=\"18\" data-lineheight=\"23.94px\">DOGOVOR O IZBIRI PRAVA<\/h3>\n<p>Posebna dolo\u010dila o izbiri prava za potro\u0161ni\u0161ke pogodbe ne veljajo.<\/p>\n<p>V primeru poslovanja med poslovnimi subjekti (gospodarske pogodbe) velja, da v kolikor se ponudnik in naro\u010dnik posebej ne dogovorita o izbiri prava, se zakupnik strinja z izbiro slovenskega prava za urejanje vseh spornih vpra\u0161anj.<\/p>\n<p>Za spore med ponudnikom in naro\u010dnikom so pristojna slovenska sodi\u0161\u010da, pri \u010demer je krajevno pristojno sodi\u0161\u010de v Ljubljani. Izjeme od dogovorjene krajevne pristojnosti so urejene s slovenskimi predpisi.<\/p>\n<h3 class=\"fusion-responsive-typography-calculated\" data-fontsize=\"18\" data-lineheight=\"23.94px\">OBJAVA IN OBDELAVA PODATKOV<\/h3>\n<p>Ponudnik prevzame odgovornost v zvezi s hrambo in uporabo podatkov ob izro\u010ditvi.<\/p>\n<p>Naro\u010dnik, ki je pravna oseba, se strinja z objavo razpoznavnega znaka firme in firme naro\u010dnika v posebni rubriki, na spletni strani ponudnika.<\/p>\n<p>Zakupnik se strinja z obdelavo in uporabo osebnih podatkov za namene obve\u0161\u010danja, ogla\u0161evanja ter v statisti\u010dne namene s strani pravne osebe Enigmarium d.o.o. in izvajalca igre UNLOCK<sup>\u00ae<\/sup> BLED.<\/p>\n<p>V primeru, da se s temi pogoji ne strinja je zakupnik dol\u017ean opozoriti ponudnika pri sklepanju pravnega posla ali pisno zahtevati prenehanje obdelave. Za pisno zahtevo se smatra tudi elektronsko sporo\u010dilo, ki vsebuje zadostno koli\u010dino podatkov, da je mogo\u010de ugotoviti imetnika obdelovanih osebnih podatkov (npr. ime in priimek).<\/p>\n<h3 class=\"fusion-responsive-typography-calculated\" data-fontsize=\"18\" data-lineheight=\"23.94px\">ZAKUP NA DALJAVO<\/h3>\n<p>Ponudnik na spletni strani https:\/\/bled.escape-room.si\/ ponuja pla\u010dilo zakupnine in rezervacijo igre v posebnem rezervacijskem sistemu.<\/p>\n<p>Ponudnik odgovarja za naro\u010dilo prostega termina na na\u010din in v obsegu, ki ga dogovori z zakupnikom.<\/p>\n<p>Zakupnik lahko odstopi od zakupa 48 ur pred datumom zakupa. Odstop od pogodbe mora biti podan pisno, pri \u010demer se upo\u0161teva tudi elektronska po\u0161ta.<\/p>\n<p>Za rezervacije, ki so opravljene znotraj 48\u00a0dnevnega roka do datuma zakupa odstop od pogodbe v skladu s 12. to\u010dko 5. odstavka 43.\u010d \u010dlena ZVpot ni mogo\u010d. Pri odstopu od pogodbe se zakupnina ne povrne.<\/p>\n<h3 class=\"fusion-responsive-typography-calculated\" data-fontsize=\"18\" data-lineheight=\"23.94px\">SPREMEMBA TERMINA<\/h3>\n<p>Sprememba izbranega termina je mo\u017ena ob pisnem zahtevku, ki je podan najmanj 24 ur pred \u00a0terminom na e-mail: <span style=\"color: #ffff00;\">bled@enigmarium.si<\/span><\/p>\n<h3 class=\"fusion-responsive-typography-calculated\" data-fontsize=\"18\" data-lineheight=\"23.94px\">PLA\u010cILO ZA STORITVE<\/h3>\n<p>Cene so urejene s cenikom, objavljenim na spletni strani in dostopnim na vpogled pri ponudniku.<\/p>\n<p>Zakupnik je dol\u017ean pla\u010dati zakupnino v celoti pred za\u010detkom igre.<\/p>\n<p>Pla\u010dilo je mogo\u010de izvesti preko \u00a0po predra\u010dunu ali na lokaciji.<\/p>\n<h3 class=\"fusion-responsive-typography-calculated\" data-fontsize=\"18\" data-lineheight=\"23.94px\"><strong>KAVCIJA<\/strong><\/h3>\n<p>Ob prejemu igralnih pripomo\u010dkov vpla\u010date kavcijo v vi\u0161ini \u00a020\u20ac, ki vam jo ob vrnitvi pripomo\u010dkov nemudoma vrnemo.<\/p>\n<h3 class=\"fusion-responsive-typography-calculated\" data-fontsize=\"18\" data-lineheight=\"23.94px\">OMEJITEV ODGOVORNOSTI ZA \u0160KODO<\/h3>\n<p>Vseh \u017eivljenjskih situacij, ki lahko predstavljajo tveganje za naro\u010dnika ni mogo\u010de predvideti, zaradi tega je ponudnik odvezan odgovornosti za posledice, ki izvirajo iz ravnanj naro\u010dnika ali nastanejo zaradi vi\u0161je sile.<\/p>\n<p>Ponudnik seznanja zakupnika s tistimi podatki in tveganji, ki lahko vplivajo na pravno razmerje ter so ponudniku znani. To nikakor ne pomeni, da je ponudnik dol\u017ean informirati zakupnika o vseh mo\u017enih tveganjih.<\/p>\n<p>Ponudnik ne odgovarja za \u0161kodo iz ravnanj, ki \u0161kodujejo pogodbenim strankam, zlasti pa ne za tista ravnanja zakupnika, ki onemogo\u010dajo izvajanje sprejetih dogovorov.<\/p>\n<p>Zakupnik ni upravi\u010den do povra\u010dila \u0161kode, \u010de se izka\u017ee, da jo je sam povzro\u010dil s svojimi ravnanji, zlasti pa kadar je sam kr\u0161il dolo\u010dila o pravilih igre, varovanju osebnih podatkov, poslovnih skrivnosti in dol\u017enosti seznanitve.<\/p>\n<p>Ponudnik je odvezan odgovornosti v vsakem primeru, ko naro\u010dnik ponudnika ne seznani s okoli\u0161\u010dinami oziroma stanji, ki lahko vplivajo na izpolnjevanje oziroma izpolnitev pogodbe, bodisi v njenem delu, bodisi v celoti.<\/p>\n<p>Zakupnik je dol\u017ean takoj pla\u010dati \u0161kodo, ki jo povzro\u010di iz malomarnosti ali namenoma. V primeru, da \u0161kode takoj ni mogo\u010de oceniti, zakupnik poleg \u0161kode trpi tudi stro\u0161ke uradnega cenilca.<\/p>\n<p>Ponudnik se zavezuje le v mejah pravnega razmerja, ki ga sklepa z zakupnikom.<\/p>\n<p>Ponudnik ne odgovarja za kr\u0161itve izvajalca storitev, ki ni v delovnem razmerju pri ponudniku. \u010ce pogodbeni izvajalec stori kak\u0161no kr\u0161itev oziroma povzro\u010di \u0161kodo je sam zavezan poravnati \u0161kodo zakupniku.<\/p>\n<p>Zakupnik je dol\u017ean ponudnika opozoriti na kr\u0161itev s strani izvajalca storitev takoj, ko je mogo\u010de. \u0160kodo, ki bi jo utrpela neposredno s strani izvajalca pa je dol\u017ena terjati od izvajalca storitev.<\/p>\n<p>V primeru povzro\u010ditve \u0161kode ponudniku je zakupnik dol\u017ean povrniti \u0161kodo ponudniku. Enako je k povrnitvi \u0161kode zavezan ponudnik, \u010de zakupniku povzro\u010di \u0161kodo bodisi iz malomarnosti bodisi namenoma.<\/p>\n<p>Ponudnik ne odgovarja za druga\u010dno interpretacijo in uporabo posredovanih informacij, ki odstopa od posredovane razlage, dogovora ali strokovnih standardov. Ponudnik ne odgovarja za samovoljna ravnanja zakupnika, ki niso v skladu z navodili (opozorili) in pogodbenimi dolo\u010dili ter splo\u0161no poznanimi standardi obna\u0161anja oziroma samovarovanja, ki jih posreduje ponudnik, pogodbeni partner ali druga institucija\/posameznik.<\/p>\n<p>Ponudnik odgovarja za skrbnost pri izvajanju storitev v obsegu standardov stroke.<\/p>\n<p>SPP so dostopni na spletni strani https:\/\/bled.escape-room.si\/<\/p>\n<p>SPP veljajo od 17. 7. 2020<\/p>\n<h2 class=\"fusion-responsive-typography-calculated\" data-fontsize=\"22\" data-lineheight=\"33px\"><strong>DODATEK V ZVEZI S SPLO\u0160NO UREDBO O VAROVANJU OSEBNIH PODATKOV \u2013 GDPR<\/strong><\/h2>\n<p>Va\u0161e pravice na podlagi GDPR:<\/p>\n<ul>\n<li>Kot oseba, na katero se podatki nana\u0161ajo, imate dolo\u010dene pravice, povezane z varstvom osebnih podatkov, ki jih o vas zbira in hrani podjetje Enigmarium d.o.o.<\/li>\n<li>V skladu s Splo\u0161no uredbo o varstvu osebnih podatkov imate pravico do dostopa podatkov, ki se nana\u0161ajo na vas, pravico do popravka podatkov, pravico do omejitve obdelave, pravico do izbrisa podatkov ter pravico do prenosljivosti podatkov.<\/li>\n<li>Zahtevo lahko kadarkoli po\u0161lje ta elektronski naslov: bled@enigmarium.si<\/li>\n<\/ul>\n<p>Ravnanje z va\u0161imi osebnimi podatki:<\/p>\n<ul>\n<li>Va\u0161e podatke zbiramo v skladu z namenom, za katerega ste nam jih posredovali. Podatkov ne bomo uporabili za noben drug namen.<\/li>\n<li>Za obdelavo osebnih podatkov (zgolj e-mail naslov) bomo sodelovali z zunanjimi izvajalci: Campaign monitor.. kateri so prav tako zavezani k ravnanju v skladu z GDPR.<\/li>\n<li>Podatke zbiramo na podlagi va\u0161ega soglasja oziroma na podlagi pogodbe.<\/li>\n<li>Osebne podatke, ki ste nam jih posredovali ob prijavi na e-novice (newsletter,) hranimo do preklica.<\/li>\n<li>Osebne podatke, ki ste nam jih posredovali ob prijavi na nagradne igre hranimo v skladu z veljavnimi zakoni, ki zadevajo ravnaje z osebnimi podatki pri nagradnih igrah, ( veljavna dav\u010dna zakonodaja)<\/li>\n<li>Osebne podatke, ki ste nam jih posredovali ob rezervaciji termina hranimo 10 let z namenom izvajanja in zagotavljanja kakovostne uporabni\u0161ke storitve.<\/li>\n<li>Izjave, ki ste jih podpisali, z namenom o varovanju skrivnosti, hranimo do ukinitve sobe, oziroma v skladu z veljavno zakonodajo.<\/li>\n<li>Vse ostale osebne podatke v okviru pogodbenega sodelovanja hranimo v skladu z veljavno zakonodajo.<\/li>\n<\/ul>\n<\/div><div class=\"fusion-clearfix\"><\/div><\/div><\/div><\/div><\/div>\n","protected":false},"excerpt":{"rendered":"","protected":false},"author":1,"featured_media":0,"parent":0,"menu_order":0,"comment_status":"closed","ping_status":"closed","template":"","meta":{"footnotes":""},"class_list":["post-230","page","type-page","status-publish","hentry"],"yoast_head":"<!-- This site is optimized with the Yoast SEO plugin v26.8 - https:\/\/yoast.com\/product\/yoast-seo-wordpress\/ -->\n<title>Splo\u0161ni pogoji - Bled Enigmarium<\/title>\n<meta name=\"robots\" content=\"index, follow, max-snippet:-1, max-image-preview:large, max-video-preview:-1\" \/>\n<link rel=\"canonical\" href=\"https:\/\/bled.escape-room.si\/en\/splosni-pogoji\/\" \/>\n<meta property=\"og:locale\" content=\"en_US\" \/>\n<meta property=\"og:type\" content=\"article\" \/>\n<meta property=\"og:title\" content=\"Splo\u0161ni pogoji - Bled Enigmarium\" \/>\n<meta property=\"og:url\" content=\"https:\/\/bled.escape-room.si\/en\/splosni-pogoji\/\" \/>\n<meta property=\"og:site_name\" content=\"Bled Enigmarium\" \/>\n<meta name=\"twitter:card\" content=\"summary_large_image\" \/>\n<meta name=\"twitter:label1\" content=\"Est. reading time\" \/>\n\t<meta name=\"twitter:data1\" content=\"14 minutes\" \/>\n<script type=\"application\/ld+json\" class=\"yoast-schema-graph\">{\"@context\":\"https:\/\/schema.org\",\"@graph\":[{\"@type\":\"WebPage\",\"@id\":\"https:\/\/bled.escape-room.si\/en\/splosni-pogoji\/\",\"url\":\"https:\/\/bled.escape-room.si\/en\/splosni-pogoji\/\",\"name\":\"Splo\u0161ni pogoji - Bled Enigmarium\",\"isPartOf\":{\"@id\":\"https:\/\/bled.escape-room.si\/#website\"},\"datePublished\":\"2020-08-04T08:43:03+00:00\",\"breadcrumb\":{\"@id\":\"https:\/\/bled.escape-room.si\/en\/splosni-pogoji\/#breadcrumb\"},\"inLanguage\":\"en-US\",\"potentialAction\":[{\"@type\":\"ReadAction\",\"target\":[\"https:\/\/bled.escape-room.si\/en\/splosni-pogoji\/\"]}]},{\"@type\":\"BreadcrumbList\",\"@id\":\"https:\/\/bled.escape-room.si\/en\/splosni-pogoji\/#breadcrumb\",\"itemListElement\":[{\"@type\":\"ListItem\",\"position\":1,\"name\":\"Home\",\"item\":\"https:\/\/bled.escape-room.si\/en\/\"},{\"@type\":\"ListItem\",\"position\":2,\"name\":\"Splo\u0161ni pogoji\"}]},{\"@type\":\"WebSite\",\"@id\":\"https:\/\/bled.escape-room.si\/#website\",\"url\":\"https:\/\/bled.escape-room.si\/\",\"name\":\"Bled Enigmarium\",\"description\":\"Outdoor escape pustolovska igra\",\"potentialAction\":[{\"@type\":\"SearchAction\",\"target\":{\"@type\":\"EntryPoint\",\"urlTemplate\":\"https:\/\/bled.escape-room.si\/?s={search_term_string}\"},\"query-input\":{\"@type\":\"PropertyValueSpecification\",\"valueRequired\":true,\"valueName\":\"search_term_string\"}}],\"inLanguage\":\"en-US\"}]}<\/script>\n<!-- \/ Yoast SEO plugin. -->","yoast_head_json":{"title":"Splo\u0161ni pogoji - Bled Enigmarium","robots":{"index":"index","follow":"follow","max-snippet":"max-snippet:-1","max-image-preview":"max-image-preview:large","max-video-preview":"max-video-preview:-1"},"canonical":"https:\/\/bled.escape-room.si\/en\/splosni-pogoji\/","og_locale":"en_US","og_type":"article","og_title":"Splo\u0161ni pogoji - Bled Enigmarium","og_url":"https:\/\/bled.escape-room.si\/en\/splosni-pogoji\/","og_site_name":"Bled Enigmarium","twitter_card":"summary_large_image","twitter_misc":{"Est. reading time":"14 minutes"},"schema":{"@context":"https:\/\/schema.org","@graph":[{"@type":"WebPage","@id":"https:\/\/bled.escape-room.si\/en\/splosni-pogoji\/","url":"https:\/\/bled.escape-room.si\/en\/splosni-pogoji\/","name":"Splo\u0161ni pogoji - Bled Enigmarium","isPartOf":{"@id":"https:\/\/bled.escape-room.si\/#website"},"datePublished":"2020-08-04T08:43:03+00:00","breadcrumb":{"@id":"https:\/\/bled.escape-room.si\/en\/splosni-pogoji\/#breadcrumb"},"inLanguage":"en-US","potentialAction":[{"@type":"ReadAction","target":["https:\/\/bled.escape-room.si\/en\/splosni-pogoji\/"]}]},{"@type":"BreadcrumbList","@id":"https:\/\/bled.escape-room.si\/en\/splosni-pogoji\/#breadcrumb","itemListElement":[{"@type":"ListItem","position":1,"name":"Home","item":"https:\/\/bled.escape-room.si\/en\/"},{"@type":"ListItem","position":2,"name":"Splo\u0161ni pogoji"}]},{"@type":"WebSite","@id":"https:\/\/bled.escape-room.si\/#website","url":"https:\/\/bled.escape-room.si\/","name":"Bled Enigmarium","description":"Outdoor escape pustolovska igra","potentialAction":[{"@type":"SearchAction","target":{"@type":"EntryPoint","urlTemplate":"https:\/\/bled.escape-room.si\/?s={search_term_string}"},"query-input":{"@type":"PropertyValueSpecification","valueRequired":true,"valueName":"search_term_string"}}],"inLanguage":"en-US"}]}},"_links":{"self":[{"href":"https:\/\/bled.escape-room.si\/en\/wp-json\/wp\/v2\/pages\/230","targetHints":{"allow":["GET"]}}],"collection":[{"href":"https:\/\/bled.escape-room.si\/en\/wp-json\/wp\/v2\/pages"}],"about":[{"href":"https:\/\/bled.escape-room.si\/en\/wp-json\/wp\/v2\/types\/page"}],"author":[{"embeddable":true,"href":"https:\/\/bled.escape-room.si\/en\/wp-json\/wp\/v2\/users\/1"}],"replies":[{"embeddable":true,"href":"https:\/\/bled.escape-room.si\/en\/wp-json\/wp\/v2\/comments?post=230"}],"version-history":[{"count":2,"href":"https:\/\/bled.escape-room.si\/en\/wp-json\/wp\/v2\/pages\/230\/revisions"}],"predecessor-version":[{"id":232,"href":"https:\/\/bled.escape-room.si\/en\/wp-json\/wp\/v2\/pages\/230\/revisions\/232"}],"wp:attachment":[{"href":"https:\/\/bled.escape-room.si\/en\/wp-json\/wp\/v2\/media?parent=230"}],"curies":[{"name":"wp","href":"https:\/\/api.w.org\/{rel}","templated":true}]}}