{"id":227,"date":"2020-08-04T10:42:39","date_gmt":"2020-08-04T08:42:39","guid":{"rendered":"https:\/\/bled.escape-room.si\/?page_id=227"},"modified":"2020-08-04T10:42:39","modified_gmt":"2020-08-04T08:42:39","slug":"pravni-pouk","status":"publish","type":"page","link":"https:\/\/bled.escape-room.si\/en\/pravni-pouk\/","title":{"rendered":"Pravni pouk"},"content":{"rendered":"<div class=\"fusion-fullwidth fullwidth-box fusion-builder-row-1 nonhundred-percent-fullwidth non-hundred-percent-height-scrolling\" style=\"--awb-border-radius-top-left:0px;--awb-border-radius-top-right:0px;--awb-border-radius-bottom-right:0px;--awb-border-radius-bottom-left:0px;--awb-flex-wrap:wrap;\" ><div class=\"fusion-builder-row fusion-row\"><div class=\"fusion-layout-column fusion_builder_column fusion-builder-column-0 fusion_builder_column_1_1 1_1 fusion-one-full fusion-column-first fusion-column-last\" style=\"--awb-bg-size:cover;\"><div class=\"fusion-column-wrapper fusion-column-has-shadow fusion-flex-column-wrapper-legacy\"><div class=\"fusion-text fusion-text-1\"><h1 class=\"fusion-responsive-typography-calculated\" data-fontsize=\"32\" data-lineheight=\"48px\">PRAVNI POUK<\/h1>\n<h2 class=\"fusion-responsive-typography-calculated\" data-fontsize=\"22\" data-lineheight=\"33px\">ZA UPORABO SPLETNE STRANI\u00a0https:\/\/bled.escape-room.si\/<\/h2>\n<p><strong>Lastnik strani<\/strong> https:\/\/bled.escape-room.si\/ ter blagovne znamke UNLOCK<sup>\u00ae<\/sup> BLED je:<\/p>\n<p><strong>ENIGMARIUM, zabavi\u0161\u010dni park, d.o.o.<\/strong><\/p>\n<p>Parmova ulica 51, 1000 LJUBLJANA, SLOVENIJA<\/p>\n<h3 class=\"fusion-responsive-typography-calculated\" data-fontsize=\"18\" data-lineheight=\"23.94px\"><strong>Blagovna znamka, zasnova, potek in vsebina iger ter vsebina spletne strani\u00a0 https:\/\/bled.escape-room.si\/<\/strong><\/h3>\n<h3 class=\"fusion-responsive-typography-calculated\" data-fontsize=\"18\" data-lineheight=\"23.94px\"><strong>so za\u0161\u010diteno avtorsko delo, vsako kopiranje in uporaba sta prepovedana!<\/strong><\/h3>\n<p>Oblikovanje, urejanje besedil in tehni\u010dna izvedba spletne strani: \u00a9\u00a0<a title=\"ogla\u0161evalska agencija Connecta\" href=\"http:\/\/www.connecta.si\/\" target=\"_blank\" rel=\"noopener noreferrer\">Ogla\u0161evalska agencija<\/a>\u00a0Connecta, www.connecta.si<\/p>\n<p>Fotografije: slikovni arhivi ter osebni arhivi avtorjev, za katere so pridobljene pravice do objave<\/p>\n<p>Kopiranje in kakr\u0161na koli druga uporaba fotografij, tekstov ter drugih vsebin\u00a0ali delov vsebin\u00a0spletne strani \u00a0je najstro\u017eje prepovedana in predstavlja kr\u0161enje avtorskih pravic.<\/p>\n<p><strong>Pogoji uporabe UNLOCK<sup>\u00ae<\/sup> BLED<\/strong><\/p>\n<p>Spletna stran UNLOCK<sup>\u00ae<\/sup> BLED ponuja osnovne informacije in rezervacijo kapacitet \u00bburbane mestne pustolov\u0161\u010dine\u00ab.<\/p>\n<p>Ti pogoji uporabe veljajo od <strong>17. 7. 2020<\/strong><\/p>\n<p>Splo\u0161ni pogoji uporabe veljajo tudi za Facebook stran https:\/\/www.facebook.com\/unlock.bled\/<\/p>\n<p>Dostop uporabnika do spletnega mesta https:\/\/bled.escape-room.si\/ in njegovo uporabo urejajo ti splo\u0161ni pogoji in ostali v Sloveniji veljavni podro\u010dni predpisi.<\/p>\n<p>Uporabnik portala je vsak obiskovalec spletne strani in tisti, ki zastavi vpra\u0161anje preko maila ali kontaktnega obrazca, s prijavo na e-novice ali s klicem na brezpla\u010dno telefonsko \u0161tevilko.<\/p>\n<p>Z vstopom na spletno stran uporabnik potrjuje, da je seznanjen s temi splo\u0161nimi pogoji, da z njimi sogla\u0161a in da ga ti pogoji zavezujejo. V primeru, da se uporabnik ne strinja s splo\u0161nimi pogoji uporabe upravljalec predlaga, da uporabnik spletno stran zapusti.<\/p>\n<p>Upravitelj si pridr\u017euje pravico do spremembe splo\u0161nih pogojev uporabe. Ob vsaki njihovi\u00a0 spremembi, bo spremenjen tudi datum njihove veljavnosti.<\/p>\n<p>Upravitelj spletne strani si pridr\u017euje do pravice izbire, na katera vpra\u0161anja uporabnikov bo odgovoril in v kak\u0161nem roku. Od\u0161kodninska odgovornost za primer pasivnosti ali \u010dasovne zakasnitve pri podajanju odgovorov je izklju\u010dena.<\/p>\n<p>Upravitelj spletne strani si bo prizadeval zagotavljati ustrezne tehni\u010dne pogoje, ki uporabnikom spletne strani zagotavljajo nemoteno uporabo. Za primer vzdr\u017eevanja spletne strani, si upravitelj pridr\u017euje pravico do \u010dasovnih prekinitev dostopnosti. Odgovornost upravitelja za kakr\u0161nokoli \u0161kodo zaradi prekinitve delovanja spletne strani oz. njene nedostopnosti iz kakr\u0161negakoli razloga je v celoti izklju\u010dena. Se pa upravitelj spletnega portala v naprej opravi\u010duje zaradi morebitnih neprijetnosti.<\/p>\n<p>Uporabniki uporabljajo spletno stran na lastno odgovornost, zato je izklju\u010dena vsakr\u0161na odgovornost upravitelja za kakr\u0161nokoli \u0161kodo, ki bi uporabniku ali tretji osebi nastala zaradi uporabe spletne strani ali v zvezi z njo.<\/p>\n<p>Za spletne strani, na katere obstaja povezava iz spletne strani ali Facebook strani, in jih lastnik oz. upravljalec ne nadzoruje, odgovarja izklju\u010dno njihov ponudnik.<\/p>\n<p>VSEBINE UPORABNIKOV<\/p>\n<p>Vsebine uporabnikov so vsa dela (komentarji, slike, vzdevki ipd.), ki jih uporabnik posreduje na spletno stran, na kakr\u0161enkoli na\u010din. Za vsebine objav in morebitne posledice odgovarjajo izklju\u010dno avtorji oz. uporabniki. Uporabnik se zave\u017ee, da bo pri objavi vsebin na spletni strani spo\u0161toval trenutno veljavne predpise, zlasti pa dolo\u010dbe o kazenski odgovornosti in avtorskih pravicah.<\/p>\n<p>Uporabnik z posredovanjem vsebin izrecno dovoljuje njeno javno objavo, ter brezpla\u010dno neizklju\u010dno in do preklica, prena\u0161a materialne avtorske pravice na lastnika spletne strani.<\/p>\n<p>Pri uporabi spletne strani in posredovanju vsebin je prepovedana in se \u0161teje za zlorabo:<\/p>\n<p>\u2013\u00a0\u00a0\u00a0 vsakr\u0161na diskriminacija na osnovi rasne, narodnostne, verske, politi\u010dne ali spolne usmerjenosti;<\/p>\n<p>\u2013\u00a0\u00a0\u00a0 izvajanje kakr\u0161nihkoli aktivnosti v nasprotju z zakonodajo;<\/p>\n<p>\u2013\u00a0\u00a0\u00a0 kakr\u0161nokoli nadlegovanje, okrnitev \u010dasti in dobrega imena, obrekovanje ali la\u017eniva obdol\u017eitev tretjih\u00a0\u00a0\u00a0 oseb z uporabo spletnega portala;<\/p>\n<p>\u2013\u00a0\u00a0\u00a0 objava osebnih podatkov drugih uporabnikov ali oseb;<\/p>\n<p>\u2013\u00a0\u00a0\u00a0 posredovanje vsebin s tretjimi osebami, ki z objavo oz. posredovanjem ne sogla\u0161ajo<\/p>\n<p>\u2013\u00a0\u00a0\u00a0 uporabe spletne strani v reklamne namene (ogla\u0161evanja) brez predhodnega pisnega soglasja upravljalca portala. Za ogla\u0161evanje se pojmuje tudi dejanje, ko posameznik ali skupina ve\u010dkrat izpostavi slogan, povezavo na drugo spletno stran, storitev ali servis v sporo\u010dilih, podpisih in komentarjih.<\/p>\n<p>Za vsebine, ki jih na spletni strani objavljajo obiskovalci, ponudnik storitev in skrbnik ne odgovarjata. Za neprimerne, \u017ealjive ali kaznive vsebine nosi pravne posledice avtor, ki je objavil vsebino. Upravljalec si pridr\u017ei pravico brez utemeljitve umakniti vsebine, ki so po njegovem mnenju neprimerne oziroma pozvati pristojne institucije k ukrepanju. Upravljalec umakne sporo\u010dila komentarje in druge vsebine za katere oceni, da so v nasprotju z zakonskimi dolo\u010dbami in temi pogoji uporabe. Enako stori, \u010de od prizadete osebe prejme zahtevo v pisni obliki, pri \u010demer se \u0161teje za pisno tudi elektronsko sporo\u010dilo.<\/p>\n<p>ZASEBNOST IN VARSTVO PODATKOV<\/p>\n<p>Vsi osebni podatki pridobljeni preko spletne strani bodo obravnavani skladno s dolo\u010dili Zakona o varstvu osebnih podatkov. Podatki ne bodo posredovani tretjim osebam. Upravljalec se zavezuje varovati zasebnost uporabnikov.<\/p>\n<p>Z uporabo spletne strani se uporabnik strinja, da se njegovi osebni podatki obdelujejo in uporabljajo z namenom zagotavljanja storitev spletne strani in za teko\u010de obve\u0161\u010danja uporabnikov o novicah, ki jih lahko uporabnik kadarkoli odjavi.<\/p>\n<p>AVTORSKE PRAVICE<\/p>\n<p>Vsebina spletnih strani (slike, grafike, teksti in drugi dokumenti), so predmet avtorske za\u0161\u010dite ali druge oblike za\u0161\u010dite intelektualne lastnine. Lastnih vsebin je Enigmarium d.o.o. ali drugi viri, ki so dovolili njihovo uporabo.<\/p>\n<p>Prepovedano je spreminjanje, kopiranje, razpe\u010devanje ali drug na\u010din reproduciranja brez pisnega soglasja lastnika.<\/p>\n<p>AVTORJI SPLETNE STRANI<\/p>\n<p>Oblikovanje, urejanje besedil in tehni\u010dna izvedba spletne strani:<\/p>\n<p>\u00a9 Ogla\u0161evalska agencija Connecta, www.connecta.si<\/p>\n<p>V DRUGO DR\u017dAVO USMERJENA DEJAVNOST<\/p>\n<p>Spletna stran https:\/\/bled.escape-room.si\/ je namenjena tako slovenskemu kot tujemu trgu.<\/p>\n<p>PI\u0160KOTKI<\/p>\n<p>Ta spletna stran za svoje delovanje uporablja spletne pi\u0161kotke. \u010ce \u017eelite spremeniti nastavitve pi\u0161kotkov lahko kliknite na odpri nastavitve.<\/p>\n<p>V primeru, da ste potrdili uporabo spletnih pi\u0161kotov na spletni strani bodo v va\u0161 brskalnik nalo\u017eeni slede\u010di pi\u0161koti:<\/p>\n<p>\u2013 ndp-check, shranjena informacija o dovolitvi pi\u0161kotov<\/p>\n<p>Ta pi\u0161kotek bo shranjen tudi v primeru, \u010de se odlo\u010dite, da pi\u0161kotkov ne dovolite in ste ozna\u010dili mo\u017enost shranjevanja nastavitev.<\/p>\n<p>WordPress content management system nastavi naslednje pi\u0161kotke:<\/p>\n<p>\u2013 wordpress_test_cookie, testni pi\u0161kot za preverjanje delovanja<\/p>\n<p>V primeru, \u010de na strani pustite kak komentar se va\u0161 elektronski naslov, ime in spletna stran, ki jih vnesete v obrazec shranijo, da vam jih naslednji\u010d ni treba vpisovati:<\/p>\n<p>\u2013 wordpress_email<\/p>\n<p>\u2013 wordpress_name<\/p>\n<p>\u2013 wordpress_website<\/p>\n<p>Druge spletne strani, ki nastavljajo pi\u0161kotke:<\/p>\n<p>\u2013 Google Analytics, ustvari \u0161tiri pi\u0161kotke v katere shrani unikatno identifikacijsko \u0161tevilko<\/p>\n<p>\u2013 Facebook, v primeru, \u010de ste prijavljeni na Facebook<\/p>\n<p>\u2013 YouTube, v primeru, \u010de predvajate kak\u0161no video vsebino, ki je vklju\u010dena na spletno stran.<\/p>\n<\/div><div class=\"fusion-clearfix\"><\/div><\/div><\/div><\/div><\/div>\n","protected":false},"excerpt":{"rendered":"","protected":false},"author":1,"featured_media":0,"parent":0,"menu_order":0,"comment_status":"closed","ping_status":"closed","template":"","meta":{"footnotes":""},"class_list":["post-227","page","type-page","status-publish","hentry"],"yoast_head":"<!-- This site is optimized with the Yoast SEO plugin v27.6 - https:\/\/yoast.com\/product\/yoast-seo-wordpress\/ -->\n<title>Pravni pouk - Bled Enigmarium<\/title>\n<meta name=\"robots\" content=\"index, follow, max-snippet:-1, max-image-preview:large, max-video-preview:-1\" \/>\n<link rel=\"canonical\" href=\"https:\/\/bled.escape-room.si\/en\/pravni-pouk\/\" \/>\n<meta property=\"og:locale\" content=\"en_US\" \/>\n<meta property=\"og:type\" content=\"article\" \/>\n<meta property=\"og:title\" content=\"Pravni pouk - Bled Enigmarium\" \/>\n<meta property=\"og:url\" content=\"https:\/\/bled.escape-room.si\/en\/pravni-pouk\/\" \/>\n<meta property=\"og:site_name\" content=\"Bled Enigmarium\" \/>\n<meta name=\"twitter:card\" content=\"summary_large_image\" \/>\n<meta name=\"twitter:label1\" content=\"Est. reading time\" \/>\n\t<meta name=\"twitter:data1\" content=\"7 minutes\" \/>\n<script type=\"application\/ld+json\" class=\"yoast-schema-graph\">{\"@context\":\"https:\\\/\\\/schema.org\",\"@graph\":[{\"@type\":\"WebPage\",\"@id\":\"https:\\\/\\\/bled.escape-room.si\\\/en\\\/pravni-pouk\\\/\",\"url\":\"https:\\\/\\\/bled.escape-room.si\\\/en\\\/pravni-pouk\\\/\",\"name\":\"Pravni pouk - Bled Enigmarium\",\"isPartOf\":{\"@id\":\"https:\\\/\\\/bled.escape-room.si\\\/#website\"},\"datePublished\":\"2020-08-04T08:42:39+00:00\",\"breadcrumb\":{\"@id\":\"https:\\\/\\\/bled.escape-room.si\\\/en\\\/pravni-pouk\\\/#breadcrumb\"},\"inLanguage\":\"en-US\",\"potentialAction\":[{\"@type\":\"ReadAction\",\"target\":[\"https:\\\/\\\/bled.escape-room.si\\\/en\\\/pravni-pouk\\\/\"]}]},{\"@type\":\"BreadcrumbList\",\"@id\":\"https:\\\/\\\/bled.escape-room.si\\\/en\\\/pravni-pouk\\\/#breadcrumb\",\"itemListElement\":[{\"@type\":\"ListItem\",\"position\":1,\"name\":\"Home\",\"item\":\"https:\\\/\\\/bled.escape-room.si\\\/en\\\/\"},{\"@type\":\"ListItem\",\"position\":2,\"name\":\"Pravni pouk\"}]},{\"@type\":\"WebSite\",\"@id\":\"https:\\\/\\\/bled.escape-room.si\\\/#website\",\"url\":\"https:\\\/\\\/bled.escape-room.si\\\/\",\"name\":\"Bled Enigmarium\",\"description\":\"Outdoor escape pustolovska igra\",\"potentialAction\":[{\"@type\":\"SearchAction\",\"target\":{\"@type\":\"EntryPoint\",\"urlTemplate\":\"https:\\\/\\\/bled.escape-room.si\\\/?s={search_term_string}\"},\"query-input\":{\"@type\":\"PropertyValueSpecification\",\"valueRequired\":true,\"valueName\":\"search_term_string\"}}],\"inLanguage\":\"en-US\"}]}<\/script>\n<!-- \/ Yoast SEO plugin. -->","yoast_head_json":{"title":"Pravni pouk - Bled Enigmarium","robots":{"index":"index","follow":"follow","max-snippet":"max-snippet:-1","max-image-preview":"max-image-preview:large","max-video-preview":"max-video-preview:-1"},"canonical":"https:\/\/bled.escape-room.si\/en\/pravni-pouk\/","og_locale":"en_US","og_type":"article","og_title":"Pravni pouk - Bled Enigmarium","og_url":"https:\/\/bled.escape-room.si\/en\/pravni-pouk\/","og_site_name":"Bled Enigmarium","twitter_card":"summary_large_image","twitter_misc":{"Est. reading time":"7 minutes"},"schema":{"@context":"https:\/\/schema.org","@graph":[{"@type":"WebPage","@id":"https:\/\/bled.escape-room.si\/en\/pravni-pouk\/","url":"https:\/\/bled.escape-room.si\/en\/pravni-pouk\/","name":"Pravni pouk - Bled Enigmarium","isPartOf":{"@id":"https:\/\/bled.escape-room.si\/#website"},"datePublished":"2020-08-04T08:42:39+00:00","breadcrumb":{"@id":"https:\/\/bled.escape-room.si\/en\/pravni-pouk\/#breadcrumb"},"inLanguage":"en-US","potentialAction":[{"@type":"ReadAction","target":["https:\/\/bled.escape-room.si\/en\/pravni-pouk\/"]}]},{"@type":"BreadcrumbList","@id":"https:\/\/bled.escape-room.si\/en\/pravni-pouk\/#breadcrumb","itemListElement":[{"@type":"ListItem","position":1,"name":"Home","item":"https:\/\/bled.escape-room.si\/en\/"},{"@type":"ListItem","position":2,"name":"Pravni pouk"}]},{"@type":"WebSite","@id":"https:\/\/bled.escape-room.si\/#website","url":"https:\/\/bled.escape-room.si\/","name":"Bled Enigmarium","description":"Outdoor escape pustolovska igra","potentialAction":[{"@type":"SearchAction","target":{"@type":"EntryPoint","urlTemplate":"https:\/\/bled.escape-room.si\/?s={search_term_string}"},"query-input":{"@type":"PropertyValueSpecification","valueRequired":true,"valueName":"search_term_string"}}],"inLanguage":"en-US"}]}},"_links":{"self":[{"href":"https:\/\/bled.escape-room.si\/en\/wp-json\/wp\/v2\/pages\/227","targetHints":{"allow":["GET"]}}],"collection":[{"href":"https:\/\/bled.escape-room.si\/en\/wp-json\/wp\/v2\/pages"}],"about":[{"href":"https:\/\/bled.escape-room.si\/en\/wp-json\/wp\/v2\/types\/page"}],"author":[{"embeddable":true,"href":"https:\/\/bled.escape-room.si\/en\/wp-json\/wp\/v2\/users\/1"}],"replies":[{"embeddable":true,"href":"https:\/\/bled.escape-room.si\/en\/wp-json\/wp\/v2\/comments?post=227"}],"version-history":[{"count":2,"href":"https:\/\/bled.escape-room.si\/en\/wp-json\/wp\/v2\/pages\/227\/revisions"}],"predecessor-version":[{"id":229,"href":"https:\/\/bled.escape-room.si\/en\/wp-json\/wp\/v2\/pages\/227\/revisions\/229"}],"wp:attachment":[{"href":"https:\/\/bled.escape-room.si\/en\/wp-json\/wp\/v2\/media?parent=227"}],"curies":[{"name":"wp","href":"https:\/\/api.w.org\/{rel}","templated":true}]}}